{"id":3,"date":"2023-06-13T07:27:56","date_gmt":"2023-06-13T07:27:56","guid":{"rendered":"https:\/\/toipack.es\/?page_id=3"},"modified":"2023-06-13T11:35:14","modified_gmt":"2023-06-13T11:35:14","slug":"politica-de-privacidad","status":"publish","type":"page","link":"https:\/\/toipack.es\/index.php\/politica-de-privacidad\/","title":{"rendered":"Pol\u00edtica de privacidad"},"content":{"rendered":"\t\t<div data-elementor-type=\"wp-page\" data-elementor-id=\"3\" class=\"elementor elementor-3\">\n\t\t\t\t\t\t\t\t\t<section class=\"elementor-section elementor-top-section elementor-element elementor-element-edc5325 elementor-section-boxed elementor-section-height-default elementor-section-height-default\" data-id=\"edc5325\" data-element_type=\"section\">\n\t\t\t\t\t\t<div class=\"elementor-container elementor-column-gap-default\">\n\t\t\t\t\t<div class=\"elementor-column elementor-col-100 elementor-top-column elementor-element elementor-element-14eaff5c\" data-id=\"14eaff5c\" data-element_type=\"column\">\n\t\t\t<div class=\"elementor-widget-wrap elementor-element-populated\">\n\t\t\t\t\t\t\t\t<div class=\"elementor-element elementor-element-6d5f8bf3 elementor-invisible elementor-widget elementor-widget-heading\" data-id=\"6d5f8bf3\" data-element_type=\"widget\" data-settings=\"{&quot;_animation&quot;:&quot;fadeIn&quot;,&quot;_animation_delay&quot;:400}\" data-widget_type=\"heading.default\">\n\t\t\t\t<div class=\"elementor-widget-container\">\n\t\t\t<style>\/*! elementor - v3.13.3 - 28-05-2023 *\/\n.elementor-heading-title{padding:0;margin:0;line-height:1}.elementor-widget-heading .elementor-heading-title[class*=elementor-size-]>a{color:inherit;font-size:inherit;line-height:inherit}.elementor-widget-heading .elementor-heading-title.elementor-size-small{font-size:15px}.elementor-widget-heading .elementor-heading-title.elementor-size-medium{font-size:19px}.elementor-widget-heading .elementor-heading-title.elementor-size-large{font-size:29px}.elementor-widget-heading .elementor-heading-title.elementor-size-xl{font-size:39px}.elementor-widget-heading .elementor-heading-title.elementor-size-xxl{font-size:59px}<\/style><h2 class=\"elementor-heading-title elementor-size-default\">Pol\u00edtica<br><b>de privacidad<\/b><\/h2>\t\t<\/div>\n\t\t\t\t<\/div>\n\t\t\t\t\t<\/div>\n\t\t<\/div>\n\t\t\t\t\t\t\t<\/div>\n\t\t<\/section>\n\t\t\t\t<section class=\"elementor-section elementor-top-section elementor-element elementor-element-4d563543 elementor-section-boxed elementor-section-height-default elementor-section-height-default\" data-id=\"4d563543\" data-element_type=\"section\">\n\t\t\t\t\t\t<div class=\"elementor-container elementor-column-gap-default\">\n\t\t\t\t\t<div class=\"elementor-column elementor-col-100 elementor-top-column elementor-element elementor-element-7debbdc7\" data-id=\"7debbdc7\" data-element_type=\"column\">\n\t\t\t<div class=\"elementor-widget-wrap elementor-element-populated\">\n\t\t\t\t\t\t\t\t<div class=\"elementor-element elementor-element-370c2130 elementor-widget elementor-widget-text-editor\" data-id=\"370c2130\" data-element_type=\"widget\" data-widget_type=\"text-editor.default\">\n\t\t\t\t<div class=\"elementor-widget-container\">\n\t\t\t<style>\/*! elementor - v3.13.3 - 28-05-2023 *\/\n.elementor-widget-text-editor.elementor-drop-cap-view-stacked .elementor-drop-cap{background-color:#69727d;color:#fff}.elementor-widget-text-editor.elementor-drop-cap-view-framed .elementor-drop-cap{color:#69727d;border:3px solid;background-color:transparent}.elementor-widget-text-editor:not(.elementor-drop-cap-view-default) .elementor-drop-cap{margin-top:8px}.elementor-widget-text-editor:not(.elementor-drop-cap-view-default) .elementor-drop-cap-letter{width:1em;height:1em}.elementor-widget-text-editor .elementor-drop-cap{float:left;text-align:center;line-height:1;font-size:50px}.elementor-widget-text-editor .elementor-drop-cap-letter{display:inline-block}<\/style>\t\t\t\t<p>Responsable: <strong>Ainhoa Ordozgoiti Go\u00f1i<\/strong><br \/>Finalidad <strong>Gestionar la petici\u00f3n\/informaci\u00f3n recibida a trav\u00e9s del formulario.<\/strong><br \/>Legitimaci\u00f3n <strong>Consentimiento del interesado.<\/strong><br \/>Destinatarios <strong>No se ceder\u00e1n datos a terceros, salvo obligaci\u00f3n legal<\/strong><br \/>Derechos <strong>Acceder, rectificar y suprimir los datos, as\u00ed como otros derechos, como se explica en la informaci\u00f3n adicional.<\/strong><br \/>Informaci\u00f3n adicional<strong> Puede consultar la informaci\u00f3n adicional y detallada sobre Protecci\u00f3n de Datos en sede social.<\/strong><\/p>\n<p>Mientras no nos comunique lo contrario, entenderemos que sus datos no han sido modificados, que usted se compromete a notificarnos cualquier variaci\u00f3n y que mantiene su consentimiento para utilizarlos para las finalidades mencionadas.<\/p>\n<p>La recepci\u00f3n de datos a trav\u00e9s de este formulario, de no haber consentido libre, afirmativa y voluntariamente el tratamiento y almacenamiento de los mismos, ser\u00e1n eliminados de manera inmediata sin proceder a realizar ninguna acci\u00f3n con los mismos.<\/p>\n<h2><strong>Privacidad de datos y bolsa de empleo<br \/><\/strong><\/h2>\n<p>De conformidad con el Reglamento Europeo de Protecci\u00f3n de Datos 2016\/679, le informamos:<\/p>\n<h3>Informaci\u00f3n sobre Protecci\u00f3n de Datos<\/h3>\n<p>Responsable Identidad: <strong>Ainhoa Ordozgoiti Go\u00f1i<\/strong><br \/>Direcci\u00f3n: <strong>Gran V\u00eda 19-21, 48001 &#8211; Bilbao &#8211; Bizkaia<\/strong><br \/>Correo: <strong>toipack@toipack.es<\/strong><br \/>Finalidad: <strong>Procesos de selecci\u00f3n de personal<\/strong>.<br \/>Decisiones automatizadas: <strong>NUNCA<\/strong><br \/>Tiempo de conservaci\u00f3n de sus datos: <strong>Cinco a\u00f1os.<\/strong><br \/>Legitimaci\u00f3n <strong>Consentimiento del interesado.<\/strong><br \/>Destinatarios <strong>No se ceder\u00e1n datos a ning\u00fan tercero diferente, salvo obligaci\u00f3n legal.<\/strong><br \/>Derechos <strong>Derecho a solicitar el acceso a los datos personales relativos al interesado.<\/strong><br \/><strong>Derecho a solicitar su rectificaci\u00f3n o supresi\u00f3n,<\/strong><br \/><strong>Derecho a solicitar la limitaci\u00f3n de su tratamiento, y a Derecho a oponerse al tratamiento,<\/strong><br \/><strong>Derecho a la portabilidad de los datos.<\/strong><\/p>\n<p><strong>Usted podr\u00e1 ejercitar cualquier de los anteriores derechos en la direcci\u00f3n se\u00f1alada en el apartado \u201cResponsable\u201d. En esta misma direcci\u00f3n, o correo electr\u00f3nico, podr\u00e1 solicitar ampliar la informaci\u00f3n sobre dichos derechos o su ejercicio.<\/strong><\/p>\n<p><strong>Por \u00faltimo, usted podr\u00e1 presentar una reclamaci\u00f3n ante la Autoridad de Control en materia de Protecci\u00f3n de Datos competente, especialmente cuando no haya obtenido satisfacci\u00f3n en el ejercicio de sus derechos. Los datos de contacto de dicho \u00f3rgano los podr\u00e1 encontrar en www.agpd.es.<\/strong><\/p>\n<p>Mientras no nos comunique lo contrario, entenderemos que sus datos no han sido modificados, que usted se compromete a notificarnos cualquier variaci\u00f3n y que mantiene su consentimiento para utilizarlos para las finalidades mencionadas.<\/p>\n<p>La recepci\u00f3n de datos a trav\u00e9s de este formulario, de no haber consentido libre, afirmativa y voluntariamente el tratamiento y almacenamiento de los mismos, ser\u00e1n eliminados de manera inmediata sin proceder a realizar ninguna acci\u00f3n con los mismos.<\/p>\n<\/div>\n<\/div>\n<\/div>\n<\/div>\t\t\t\t\t\t<\/div>\n\t\t\t\t<\/div>\n\t\t\t\t\t<\/div>\n\t\t<\/div>\n\t\t\t\t\t\t\t<\/div>\n\t\t<\/section>\n\t\t\t\t\t\t\t<\/div>\n\t\t","protected":false},"excerpt":{"rendered":"<p>Pol\u00edticade privacidad Responsable: Ainhoa Ordozgoiti Go\u00f1iFinalidad Gestionar la petici\u00f3n\/informaci\u00f3n recibida a trav\u00e9s del formulario.Legitimaci\u00f3n Consentimiento del interesado.Destinatarios No se ceder\u00e1n datos a terceros, salvo obligaci\u00f3n legalDerechos Acceder, rectificar y suprimir los datos, as\u00ed como otros derechos, como se explica en la informaci\u00f3n adicional.Informaci\u00f3n adicional Puede consultar la informaci\u00f3n adicional y detallada sobre Protecci\u00f3n de Datos &hellip;<\/p>\n<p class=\"read-more\"> <a class=\"\" href=\"https:\/\/toipack.es\/index.php\/politica-de-privacidad\/\"> <span class=\"screen-reader-text\">Pol\u00edtica de privacidad<\/span> Leer m\u00e1s &raquo;<\/a><\/p>\n","protected":false},"author":1,"featured_media":0,"parent":0,"menu_order":0,"comment_status":"closed","ping_status":"closed","template":"","meta":{"site-sidebar-layout":"default","site-content-layout":"default","ast-global-header-display":"","ast-banner-title-visibility":"","ast-main-header-display":"","ast-hfb-above-header-display":"","ast-hfb-below-header-display":"","ast-hfb-mobile-header-display":"","site-post-title":"","ast-breadcrumbs-content":"","ast-featured-img":"","footer-sml-layout":"","theme-transparent-header-meta":"","adv-header-id-meta":"","stick-header-meta":"","header-above-stick-meta":"","header-main-stick-meta":"","header-below-stick-meta":"","footnotes":""},"class_list":["post-3","page","type-page","status-publish","hentry"],"_links":{"self":[{"href":"https:\/\/toipack.es\/index.php\/wp-json\/wp\/v2\/pages\/3","targetHints":{"allow":["GET"]}}],"collection":[{"href":"https:\/\/toipack.es\/index.php\/wp-json\/wp\/v2\/pages"}],"about":[{"href":"https:\/\/toipack.es\/index.php\/wp-json\/wp\/v2\/types\/page"}],"author":[{"embeddable":true,"href":"https:\/\/toipack.es\/index.php\/wp-json\/wp\/v2\/users\/1"}],"replies":[{"embeddable":true,"href":"https:\/\/toipack.es\/index.php\/wp-json\/wp\/v2\/comments?post=3"}],"version-history":[{"count":7,"href":"https:\/\/toipack.es\/index.php\/wp-json\/wp\/v2\/pages\/3\/revisions"}],"predecessor-version":[{"id":101,"href":"https:\/\/toipack.es\/index.php\/wp-json\/wp\/v2\/pages\/3\/revisions\/101"}],"wp:attachment":[{"href":"https:\/\/toipack.es\/index.php\/wp-json\/wp\/v2\/media?parent=3"}],"curies":[{"name":"wp","href":"https:\/\/api.w.org\/{rel}","templated":true}]}}